{"id":676,"date":"2016-11-19T07:30:20","date_gmt":"2016-11-19T07:30:20","guid":{"rendered":"https:\/\/moka.barcelona\/aviso-legal\/"},"modified":"2017-03-04T08:28:44","modified_gmt":"2017-03-04T08:28:44","slug":"avis-legal","status":"publish","type":"page","link":"https:\/\/moka.barcelona\/ca\/avis-legal\/","title":{"rendered":"Av\u00eds legal"},"content":{"rendered":"<p>Av\u00eds i Informaci\u00f3 Legal i la seva acceptaci\u00f3<\/p>\n<p>SERTRES, SA amb domicili La Rambla 130 \u00a04-1\u00aa A 08002 Barcelona, tel\u00e8fon 93 302 66 31, prove\u00efda de C.I.F. A582245879 inscrita en el Registre Mercantil de Barcelona, tomo 7789, libre 7051, secci\u00f3 2\u00aa, \u00a0foli 98, fulla numero 90471, inscripci\u00f3 1\u00aa (D&#8217;ara endavant &#8220;MOKA&#8221;).<\/p>\n<p>El present av\u00eds legal regula l&#8217;acc\u00e9s i l&#8217;\u00fas del servei del lloc web www.moka.barcelona (ara endavant, el &#8220;Lloc web&#8221;) que MOKA posa a la disposici\u00f3 dels usuaris d&#8217;Internet interessats en els seus serveis i continguts relacionats amb els serveis de restauraci\u00f3 ( endavant, els &#8220;Usuaris&#8221;).<\/p>\n<p>Aquest lloc web compleix amb l&#8217;establert en la Llei 34\/2002, d&#8217;11 de juliol, de Serveis de la Societat de la Informaci\u00f3 i de Comer\u00e7 Electr\u00f2nic i amb la Llei Org\u00e0nica 15\/1999, de 13 de desembre, de Protecci\u00f3 de Dades de Car\u00e0cter Personal (*LOPD) i el reglament que la desenvolupa (RD 1720\/2007).<\/p>\n<p>MOKA podr\u00e0 alterar en qualsevol moment i sense av\u00eds previ, el disseny, presentaci\u00f3 i\/o configuraci\u00f3 del Lloc web, aix\u00ed com alguns o tots els serveis, i afegir serveis nous.<\/p>\n<p>La utilitzaci\u00f3 d&#8217;aquest Lloc web implica la plena acceptaci\u00f3 de les disposicions incloses en aquest Av\u00eds en la versi\u00f3 publicada per MOKA en el moment en qu\u00e8 l&#8217;Usuari accedeixi al Lloc web. Aix\u00ed mateix MOKA posa en coneixement dels Usuaris d&#8217;aquest Lloc web que aquestes Condicions Generals d&#8217;\u00das poden ser modificades sense notificaci\u00f3 pr\u00e8via. En conseq\u00fc\u00e8ncia l&#8217;Usuari ha de llegir atentament el present Av\u00eds Legal en cadascuna de les ocasions en qu\u00e8 es procedeixi a utilitzar el Lloc web, ja que aquell pot sofrir modificacions.<\/p>\n<p>La utilitzaci\u00f3 de certs serveis oferts als Usuaris a trav\u00e9s del Lloc web poden trobar-se sotmeses a condicions particulars pr\u00f2pies que, segons els casos substitueixen, completen i\/o modifiquen les presents Condicions Generals d&#8217;\u00das. Per tant, amb anterioritat a la utilitzaci\u00f3 d&#8217;aquests serveis, l&#8217;Usuari tamb\u00e9 ha de llegir atentament i acceptar aix\u00ed mateix les corresponents condicions particulars pr\u00f2pies.<\/p>\n<p>Protecci\u00f3 de dades<\/p>\n<p>En compliment de l&#8217;establert en la Llei Org\u00e0nica 15\/1999, de 13 de desembre, de Protecci\u00f3 de Dades de Car\u00e0cter Personal (LOPD), mitjan\u00e7ant aquest av\u00eds, MOKA informa a l&#8217;usuari (&#8220;Usuari&#8221;) de les dades personals que li sol\u00b7licita, amb la finalitat de que els Usuaris determinin lliure i volunt\u00e0riament si desitgen facilitar a MOKA les dades personals (d&#8217;ara endavant &#8220;Dades Personals&#8221;) que se&#8217;ls puguin requerir o que es puguin obtenir dels Usuaris en ocasi\u00f3 de la sol\u00b7licitud d&#8217;inscripci\u00f3 o d&#8217;informaci\u00f3 en el website explotat per MOKA allotjat en la URL www.moka.barcelona o dels serveis que es puguin contractar a trav\u00e9s d&#8217;aquest portal.<\/p>\n<p>Les Dades Personals recollits seran objecte de tractament automatitzat i incorporats als corresponents fitxers per MOKA i inscrits en l&#8217;Ag\u00e8ncia Espanyola de Protecci\u00f3 de Dades, sent MOKA titular i responsable d&#8217;aquest fitxer (d&#8217;ara endavant, el &#8220;Fitxer&#8221;). Les dades facilitades poden ser utilitzats per poder informar-los dels nostres productes, novetats i\/o promocions. Amb aquest objecte, MOKA proporcionar\u00e0 als Usuaris els recursos t\u00e8cnics adequats perqu\u00e8, amb car\u00e0cter previ, puguin accedir a aquest av\u00eds sobre la Pol\u00edtica de Protecci\u00f3 de Dades o a qualsevol altra informaci\u00f3 rellevant i puguin prestar el seu consentiment a fi que en MOKA procedeixi al tractament de la seva Dades Personals.<\/p>\n<p>L&#8217;usuari pot sol\u00b7licitar en qualsevol moment l&#8217;acc\u00e9s a les seves dades personals, aix\u00ed com a la seva rectificaci\u00f3, oposici\u00f3 i cancel\u00b7laci\u00f3, per a aix\u00f2 haur\u00e0 de dirigir-se per a MOKA: por correo ordinari a La Rambla 130 \u00a04-1\u00aa A 08002 Barcelona o por e-mail a finances@moka.barcelona<br \/>\nCondicions d&#8217;\u00fas<\/p>\n<p>Condicions d&#8217;acc\u00e9s i utilitzaci\u00f3 del Lloc web<br \/>\nL&#8217;usuari es compromet a fer un \u00fas diligent del mateix i dels serveis accessibles des d&#8217;aquest Lloc web, amb total subjecci\u00f3 a la Llei, als bons costums i les presents Condicions Generals i, si escau, condicions particulars, aix\u00ed com mantenint el degut respecte als altres usuaris<\/p>\n<p>Queda expressament prohibit qualsevol \u00fas diferent a la finalitat d&#8217;aquest Lloc web.<\/p>\n<p>En aquest sentit, l&#8217;Usuari renunciar\u00e0 a utilitzar qualsevol dels materials i informacions continguts en aquest Lloc web amb finalitats il\u00b7l\u00edcites i expressament prohibits en les presents Condicions Generals d&#8217;\u00das aix\u00ed com a les condicions particulars que, si escau, s&#8217;habilitin que resultin contraris als drets i interessos de MOKA, els seus membres i\/o tercers, i haur\u00e0 de respondre enfront dels mateixos en cas de contravenir o incomplir aquestes obligacions i\/o que, de qualsevol manera (inclosa la introducci\u00f3 o difusi\u00f3 de &#8220;virus inform\u00e0tics&#8221;), danyi, inutilitzi, sobrecarregui, deteriori o impedeixi la normal utilitzaci\u00f3 dels materials i informacions continguts en el Lloc web, els sistemes d&#8217;informaci\u00f3 o els documents, arxius i tota classe de continguts emmagatzemats en qualsevol equip inform\u00e0tic (hacking) de MOKA, dels seus membres o de qualsevol Usuari del Lloc web.<\/p>\n<p>Amb car\u00e0cter general la prestaci\u00f3 dels serveis no exigeix la pr\u00e8via subscripci\u00f3 o registre dels Usuaris. No obstant aix\u00f2, MOKA condiciona la utilitzaci\u00f3 d&#8217;alguns dels serveis al Previ emplenament del corresponent registre d&#8217;Usuari, seleccionant l&#8217;identificador (ID o login) i la contrasenya que l&#8217;Usuari es compromet a conservar i a usar amb la dilig\u00e8ncia deguda.<\/p>\n<p>MOKA assignar\u00e0 l&#8217;identificador seleccionat per l&#8217;usuari sempre que no hagi estat pr\u00e8viament seleccionat per un altre Usuari. L&#8217;\u00fas de la contrasenya \u00e9s personal i intransferible, no estant permesa la cessi\u00f3, ni tan sols temporal, a tercers. En tal sentit, l&#8217;Usuari haur\u00e0 d&#8217;adoptar les mesures necess\u00e0ries per a la cust\u00f2dia de la contrasenya per ell seleccionada, evitant l&#8217;\u00fas de la mateixa per tercers. En conseq\u00fc\u00e8ncia, l&#8217;Usuari \u00e9s l&#8217;\u00fanic responsable de la utilitzaci\u00f3 que, de la seva contrasenya es realitzi, amb completa indemnitat per MOKA. En el cas que l&#8217;Usuari conegui o sospiti de l&#8217;\u00fas de la seva contrasenya per tercers haur\u00e0 de posar tal circumst\u00e0ncia en coneixement de MOKA al m\u00e9s aviat possible..<\/p>\n<p>El citat registre s&#8217;efectuar\u00e0 en la forma expressament indicada en el propi servei o en les Condicions Particulars que, si escau, ho regulin.<\/p>\n<p>Tota la informaci\u00f3 que faciliti l&#8217;Usuari a trav\u00e9s dels serveis haur\u00e0 de ser vera\u00e7. A aquests efectes, l&#8217;Usuari garanteix l&#8217;autenticitat de totes aquelles dades que comuniqui com a conseq\u00fc\u00e8ncia de l&#8217;emplenament dels formularis necessaris per a la subscripci\u00f3 dels Serveis.<\/p>\n<p>D&#8217;igual, forma, ser\u00e0 responsabilitat de l&#8217;Usuari mantenir tota la informaci\u00f3 facilitada a MOKA permanentment actualitzada de manera que respongui, a cada moment a la situaci\u00f3 real de l&#8217;Usuari. En tot caso l&#8217;Usuari ser\u00e0 l&#8217;\u00fanic responsable de les manifestacions falses o inexactes que realitzi i dels perjudicis que causi a MOKA o a tercers per la informaci\u00f3 que faciliti.<\/p>\n<p>De conformitat amb la pol\u00edtica anti-spamming de MOKA l&#8217;Usuari s&#8217;obliga a abstenir-se d&#8217;utilitzar i recaptar dades a partir de llistes de distribuci\u00f3 a les quals es pugui accedir a trav\u00e9s de les informacions i serveis continguts en el Lloc web per a la realitzaci\u00f3 d&#8217;activitats amb finalitats promocionals o publicitaris aix\u00ed com de remetre comunicacions comercials de qualsevol classe i a trav\u00e9s de qualsevol suport no sol\u00b7licitats ni pr\u00e8viament consentits per MOKA i\/o els interessats. L&#8217;Usuari que incompleixi intencional o culpablement qualsevol de les precedents obligacions respondr\u00e0 de tots els danys i perjudicis que causi.<\/p>\n<p>Exclusi\u00f3 de garanties i responsabilitat<br \/>\nExcepte en aquells casos expressament descrits en les Condicions Generals d&#8217;\u00das i la resta del marc normatiu, del Lloc web,\u00a0MOKA no es responsabilitza pels danys i perjudicis de tota naturalesa que puguin deure&#8217;s a la falta d&#8217;exactitud, exhaustivitat, actualitat, aix\u00ed com a errors o omissions dels quals poguessin emmalaltir les informacions i serveis continguts d&#8217;aquest Lloc web o altres continguts als quals es pugui accedir a trav\u00e9s del mateix ni assumeix cap deure o comprom\u00eds de verificar ni de vigilar els seus continguts i informacions.<\/p>\n<p>Aix\u00ed mateix, MOKA no garanteix la disponibilitat, continu\u00eftat ni la infal\u00b7libilitat del funcionament del Lloc web, i en conseq\u00fc\u00e8ncia exclou, en la m\u00e0xima mesura permesa per la legislaci\u00f3 vigent, qualsevol responsabilitat pels danys i perjudicis de tota naturalesa que puguin deure&#8217;s a la falta de disponibilitat o de continu\u00eftat del funcionament del Lloc web i dels serveis habilitats en el mateix, aix\u00ed com als errors en l&#8217;acc\u00e9s a les diferents p\u00e0gines web o a aquelles des de les quals, si escau, es prestin aquests serveis.<\/p>\n<p>MOKA exclou qualsevol responsabilitat pels danys i perjudicis de tota \u00edndole que poguessin deure&#8217;s als serveis prestats per tercers a trav\u00e9s d&#8217;aquest Lloc web aix\u00ed com als mitjans que aquests habiliten per gestionar les sol\u00b7licituds de servei, i concretament, a manera enunciativa i no limitatiu: pels actes de compet\u00e8ncia deslleial i publicitat il\u00b7l\u00edcita com a conseq\u00fc\u00e8ncia de la prestaci\u00f3 de serveis per tercers a trav\u00e9s del Lloc web, aix\u00ed com a la falta de veracitat, exactitud, exhaustivitat, vicis, defectes, pertin\u00e8ncia i\/o actualitat dels continguts transmesos, difosos, emmagatzemats, rebuts, obtinguts, posats a disposici\u00f3 o accessibles mitjan\u00e7ant els serveis prestats per tercers a trav\u00e9s d&#8217;aquest Lloc web.<\/p>\n<p>Us de Cookies<br \/>\nLes cookies s\u00f3n breus informacions que s&#8217;envien i emmagatzemen en el disc dur de l&#8217;ordinador de l&#8217;usuari a trav\u00e9s del seu navegador quan aquest es connecta a una web. Les cookies es poden utilitzar per recaptar i emmagatzemar dades de l&#8217;usuari mentre est\u00e0 connectat per facilitar-li els serveis sol\u00b7licitats i que no se solen conservar (cookies de sessi\u00f3), o per conservar les dades de l&#8217;usuari per a un altre tipus de serveis futurs i que es poden conservar per temps indefinit (cookies persistents). Les cookies poden ser pr\u00f2pies o de tercers.<\/p>\n<p>Existeixen diversos tipus de cookies:<\/p>\n<p>Cookies t\u00e8cniques que faciliten la navegaci\u00f3 de l&#8217;usuari i la utilitzaci\u00f3 de les diferents opcions o serveis que ofereix la web com identificar la sessi\u00f3, permetre l&#8217;acc\u00e9s a determinades \u00e0rees, facilitar comandes, compres, emplenament de formularis, inscripcions, seguretat, facilitar funcionalitats (v\u00eddeos, xarxes socials, etc.).<\/p>\n<p>Cookies de personalitzaci\u00f3 que permeten a l&#8217;usuari accedir als serveis segons les seves prefer\u00e8ncies (idioma, navegador, configuraci\u00f3, etc.).<\/p>\n<p>Cookies d&#8217;an\u00e0lisi que permeten l&#8217;an\u00e0lisi an\u00f2nima del comportament dels usuaris de la web i que permeten mesurar l&#8217;activitat de l&#8217;usuari i elaborar perfils de navegaci\u00f3 amb el fi objectiu de millorar els llocs web.<\/p>\n<p>Cookies publicit\u00e0ries que permeten la gesti\u00f3 dels espais publicitaris de la web.<\/p>\n<p>Cookies de publicitat personalitzada que permeten la gesti\u00f3 dels espais publicitaris de la web sobre la base del comportament i els h\u00e0bits de navegaci\u00f3 de l&#8217;usuari, d&#8217;on s&#8217;obt\u00e9 el seu perfil i aquest fet permet personalitzar la publicitat que es mostra en el navegador de l&#8217;usuari.<\/p>\n<p>MOKA \u00a0\u00fanicament utilitza cookies t\u00e8cniques, de personalitzaci\u00f3 i an\u00e0lisi, pr\u00f2pies i de tercers, que en cap cas tracten dades de car\u00e0cter personal ni capten h\u00e0bits de navegaci\u00f3 per a finalitats publicit\u00e0ries.<\/p>\n<p>De totes maneres, l\u2019informem que pot activar o desactivar aquestes cookies seguint les instruccions del seu navegador d&#8217;Internet.<\/p>\n<p>Legislaci\u00f3 aplicable<br \/>\nLes Condicions Generals d&#8217;\u00das i la resta de condicions legals del lloc web es regeixen en tots i cadascun dels seus extrems per la llei espanyola.<\/p>\n","protected":false},"excerpt":{"rendered":"<p>Av\u00eds i Informaci\u00f3 Legal i la seva acceptaci\u00f3 SERTRES, SA amb domicili La Rambla 130 \u00a04-1\u00aa A 08002 Barcelona, tel\u00e8fon 93 302 66 31, prove\u00efda de C.I.F. A582245879 inscrita en el Registre Mercantil de Barcelona, tomo 7789, libre 7051, secci\u00f3 2\u00aa, \u00a0foli 98, fulla numero 90471, inscripci\u00f3 1\u00aa (D&#8217;ara endavant &#8220;MOKA&#8221;). El present av\u00eds legal [&hellip;]<\/p>\n","protected":false},"author":1,"featured_media":0,"parent":0,"menu_order":1,"comment_status":"closed","ping_status":"closed","template":"","meta":{"footnotes":""},"_links":{"self":[{"href":"https:\/\/moka.barcelona\/ca\/wp-json\/wp\/v2\/pages\/676"}],"collection":[{"href":"https:\/\/moka.barcelona\/ca\/wp-json\/wp\/v2\/pages"}],"about":[{"href":"https:\/\/moka.barcelona\/ca\/wp-json\/wp\/v2\/types\/page"}],"author":[{"embeddable":true,"href":"https:\/\/moka.barcelona\/ca\/wp-json\/wp\/v2\/users\/1"}],"replies":[{"embeddable":true,"href":"https:\/\/moka.barcelona\/ca\/wp-json\/wp\/v2\/comments?post=676"}],"version-history":[{"count":3,"href":"https:\/\/moka.barcelona\/ca\/wp-json\/wp\/v2\/pages\/676\/revisions"}],"predecessor-version":[{"id":784,"href":"https:\/\/moka.barcelona\/ca\/wp-json\/wp\/v2\/pages\/676\/revisions\/784"}],"wp:attachment":[{"href":"https:\/\/moka.barcelona\/ca\/wp-json\/wp\/v2\/media?parent=676"}],"curies":[{"name":"wp","href":"https:\/\/api.w.org\/{rel}","templated":true}]}}